{"id":5255,"date":"2025-01-23T01:13:18","date_gmt":"2025-01-23T01:13:18","guid":{"rendered":"https:\/\/kaizenmed.com.sg\/cam-on-ban\/"},"modified":"2025-02-27T07:25:19","modified_gmt":"2025-02-27T07:25:19","slug":"cam-on-ban","status":"publish","type":"page","link":"https:\/\/kaizenmed.com.sg\/vi\/cam-on-ban\/","title":{"rendered":"C\u1ea3m \u01a1n b\u1ea1n"},"content":{"rendered":"<section class=\"thank-page-section\">\n  <div class=\"wrap\">\n    <div class=\"icon-wrap\">\n      <svg xmlns=\"http:\/\/www.w3.org\/2000\/svg\" width=\"82\" height=\"82\" viewBox=\"0 0 82 82\" fill=\"none\">\n        <path d=\"M15.1813 17.0441L66.3125 15.5254L66.8188 68.1754L15.1813 67.1629V17.0441Z\" fill=\"transparent\" \/>\n        <path fill-rule=\"evenodd\" clip-rule=\"evenodd\" d=\"M41 0.337891C18.633 0.337891 0.5 18.4708 0.5 40.8379C0.5 63.2049 18.633 81.3379 41 81.3379C63.3671 81.3379 81.5 63.2049 81.5 40.8379C81.5 18.4708 63.3671 0.337891 41 0.337891ZM58.5549 33.9897C58.8782 33.6202 59.1243 33.1898 59.2787 32.7238C59.4332 32.2578 59.4929 31.7656 59.4543 31.2762C59.4157 30.7867 59.2796 30.31 59.0541 29.8739C58.8285 29.4379 58.518 29.0513 58.1409 28.737C57.7637 28.4227 57.3275 28.187 56.858 28.0438C56.3884 27.9006 55.8949 27.8527 55.4065 27.903C54.9182 27.9533 54.4448 28.1008 54.0143 28.3368C53.5838 28.5727 53.2048 28.8924 52.8996 29.277L37.0678 48.2715L28.8758 40.0758C28.1814 39.4051 27.2513 39.034 26.286 39.0424C25.3206 39.0508 24.3972 39.438 23.7145 40.1206C23.0319 40.8032 22.6447 41.7267 22.6363 42.6921C22.6279 43.6574 22.999 44.5874 23.6697 45.2818L34.7151 56.3273C35.0769 56.6889 35.51 56.9711 35.9869 57.1559C36.4638 57.3408 36.9739 57.4243 37.4849 57.4011C37.9958 57.3779 38.4963 57.2485 38.9544 57.0211C39.4126 56.7938 39.8183 56.4735 40.1458 56.0806L58.5549 33.9897Z\" fill=\"#3FA9F5\" \/>\n      <\/svg>\n    <\/div>\n    <div class=\"details-wrap\">\n      <h1>C\u1ea3m \u01a1n b\u1ea1n! Nh\u00e2n vi\u00ean ph\u00f2ng kh\u00e1m th\u00e2n thi\u1ec7n c\u1ee7a ch\u00fang t\u00f4i s\u1ebd li\u00ean h\u1ec7 v\u1edbi b\u1ea1n trong th\u1eddi gian s\u1edbm nh\u1ea5t. <\/h1>\n      <div class=\"description-wrap\">\n        <p>Ch\u00fang t\u00f4i c\u0169ng s\u1eb5n s\u00e0ng cho c\u00e1c cu\u1ed9c h\u1eb9n kh\u1ea9n c\u1ea5p \u0111\u1ec3 \u0111i\u1ec1u tr\u1ecb cho b\u1ea1n c\u00e0ng s\u1edbm c\u00e0ng t\u1ed1t. H\u00e3y li\u00ean h\u1ec7 v\u1edbi ch\u00fang t\u00f4i ngay h\u00f4m nay theo s\u1ed1 <a href=\"tel:6566775167\">+65 6677 5167<\/a> \u0111\u1ec3 \u0111\u01b0\u1ee3c \u0111\u00e1nh gi\u00e1 c\u00e1 nh\u00e2n. <\/p>\n      <\/div>\n    <\/div>\n  <\/div>\n<\/section>","protected":false},"excerpt":{"rendered":"","protected":false},"author":6,"featured_media":0,"parent":0,"menu_order":0,"comment_status":"closed","ping_status":"closed","template":"Gutenberg Template.php","meta":{"_seopress_robots_primary_cat":"","_seopress_titles_title":"","_seopress_titles_desc":"","_seopress_robots_index":"","inline_featured_image":false,"footnotes":""},"class_list":["post-5255","page","type-page","status-publish","hentry"],"acf":[],"_links":{"self":[{"href":"https:\/\/kaizenmed.com.sg\/vi\/wp-json\/wp\/v2\/pages\/5255","targetHints":{"allow":["GET"]}}],"collection":[{"href":"https:\/\/kaizenmed.com.sg\/vi\/wp-json\/wp\/v2\/pages"}],"about":[{"href":"https:\/\/kaizenmed.com.sg\/vi\/wp-json\/wp\/v2\/types\/page"}],"author":[{"embeddable":true,"href":"https:\/\/kaizenmed.com.sg\/vi\/wp-json\/wp\/v2\/users\/6"}],"replies":[{"embeddable":true,"href":"https:\/\/kaizenmed.com.sg\/vi\/wp-json\/wp\/v2\/comments?post=5255"}],"version-history":[{"count":1,"href":"https:\/\/kaizenmed.com.sg\/vi\/wp-json\/wp\/v2\/pages\/5255\/revisions"}],"predecessor-version":[{"id":5256,"href":"https:\/\/kaizenmed.com.sg\/vi\/wp-json\/wp\/v2\/pages\/5255\/revisions\/5256"}],"wp:attachment":[{"href":"https:\/\/kaizenmed.com.sg\/vi\/wp-json\/wp\/v2\/media?parent=5255"}],"curies":[{"name":"wp","href":"https:\/\/api.w.org\/{rel}","templated":true}]}}